{"id":515,"date":"2023-08-09T10:26:14","date_gmt":"2023-08-09T08:26:14","guid":{"rendered":"http:\/\/batieu.com\/fr\/?page_id=515"},"modified":"2024-02-07T10:27:47","modified_gmt":"2024-02-07T09:27:47","slug":"demo","status":"publish","type":"page","link":"https:\/\/batieu.com\/fr\/demo\/","title":{"rendered":"Version d\u00e9mo"},"content":{"rendered":"<section class=\"contact-section\">\n    <div class=\"container container--mod\">\n        <div class=\"row\">\n            <div class=\"col-xs-12 col-md-12 col-lg-12\">\n                <div class=\"contact-section__content\">\n                    <div class=\"contact-section__wrapper\">\n                        <div class=\"contact-section__img\">\n\t\t\t\t\t\t\t                            <img decoding=\"async\" src=\"https:\/\/batieu.com\/fr\/wp-content\/uploads\/sites\/4\/2023\/08\/form-image.webp\" alt=\"\">\n\t\t\t\t\t\t\t                        <\/div>\n\t\t\t\t\t\t<!--Start of Bullet list-->\n                        \t\t\t\t\t\t\t<ul class=\"bullet-list\">\n                                \t\t\t\t\t\t\t\t\t<li>\n\t\t\t\t\t\t\t\t\t\t<div class=\"bullet\"><i class=\"icon-check\"><\/i><\/div>\n                                        G\u00e9rez votre projet et trouvez des partenaires au m\u00eame endroit. \t\t\t\t\t\t\t\t\t<\/li>\n\n                                \t\t\t\t\t\t\t\t\t<li>\n\t\t\t\t\t\t\t\t\t\t<div class=\"bullet\"><i class=\"icon-check\"><\/i><\/div>\n                                        Ex\u00e9cutez votre projet sur Batieu et gardez le contr\u00f4le de sa mise en \u0153uvre.\t\t\t\t\t\t\t\t\t<\/li>\n\n                                \t\t\t\t\t\t\t\t\t<li>\n\t\t\t\t\t\t\t\t\t\t<div class=\"bullet\"><i class=\"icon-check\"><\/i><\/div>\n                                        Collaborez efficacement avec les \u00e9quipes dans un espace de travail d\u00e9di\u00e9.\t\t\t\t\t\t\t\t\t<\/li>\n\n                                \t\t\t\t\t\t\t\t\t<li>\n\t\t\t\t\t\t\t\t\t\t<div class=\"bullet\"><i class=\"icon-check\"><\/i><\/div>\n                                        Automatisez les processus pendant votre travail quotidien.\t\t\t\t\t\t\t\t\t<\/li>\n\n                                \t\t\t\t\t\t\t<\/ul>\n                        \t\t\t\t\t\t<!--End of Bullet list-->\n\n                    <\/div>\n                    <div class=\"contact-card\">\n                        <h3>D\u00e9couvrir de nouvelles perspectives de croissance<\/h3>\n                        <p>Obtenez une d\u00e9mo personnalis\u00e9e et d\u00e9couvrez comment Batieu aide les entreprises comme la v\u00f4tre.<\/p>\n\t\t\t\t\t\t\n<div class=\"wpcf7 no-js\" id=\"wpcf7-f537-o1\" lang=\"pl-PL\" dir=\"ltr\" data-wpcf7-id=\"537\">\n<div class=\"screen-reader-response\"><p role=\"status\" aria-live=\"polite\" aria-atomic=\"true\"><\/p> <ul><\/ul><\/div>\n<form action=\"\/fr\/wp-json\/wp\/v2\/pages\/515#wpcf7-f537-o1\" method=\"post\" class=\"wpcf7-form init wpcf7-acceptance-as-validation\" aria-label=\"Formularz kontaktowy\" novalidate=\"novalidate\" data-status=\"init\">\n<fieldset class=\"hidden-fields-container\"><input type=\"hidden\" name=\"_wpcf7\" value=\"537\" \/><input type=\"hidden\" name=\"_wpcf7_version\" value=\"6.1.5\" \/><input type=\"hidden\" name=\"_wpcf7_locale\" value=\"pl_PL\" \/><input type=\"hidden\" name=\"_wpcf7_unit_tag\" value=\"wpcf7-f537-o1\" \/><input type=\"hidden\" name=\"_wpcf7_container_post\" value=\"0\" \/><input type=\"hidden\" name=\"_wpcf7_posted_data_hash\" value=\"\" \/><input type=\"hidden\" name=\"_wpcf7_recaptcha_response\" value=\"\" \/>\n<\/fieldset>\n<p><label> Votre nom<br \/>\n<span class=\"wpcf7-form-control-wrap\" data-name=\"your-name\"><input size=\"40\" maxlength=\"400\" class=\"wpcf7-form-control wpcf7-text wpcf7-validates-as-required\" aria-required=\"true\" aria-invalid=\"false\" placeholder=\"Nom et pr\u00e9nom\" value=\"\" type=\"text\" name=\"your-name\" \/><\/span> <\/label>\n<\/p>\n<p><label> Nom de l&rsquo;entreprise<br \/>\n<span class=\"wpcf7-form-control-wrap\" data-name=\"your-surname\"><input size=\"40\" maxlength=\"400\" class=\"wpcf7-form-control wpcf7-text wpcf7-validates-as-required\" aria-required=\"true\" aria-invalid=\"false\" placeholder=\"Nom complet de l&#039;entreprise\" value=\"\" type=\"text\" name=\"your-surname\" \/><\/span> <\/label>\n<\/p>\n<p><label> E-mail de l&rsquo;entreprise<br \/>\n<span class=\"wpcf7-form-control-wrap\" data-name=\"your-email\"><input size=\"40\" maxlength=\"400\" class=\"wpcf7-form-control wpcf7-email wpcf7-validates-as-required wpcf7-text wpcf7-validates-as-email\" aria-required=\"true\" aria-invalid=\"false\" placeholder=\"nom@entreprise.com\" value=\"\" type=\"email\" name=\"your-email\" \/><\/span> <\/label>\n<\/p>\n<p><label> Num\u00e9ro de t\u00e9l\u00e9phone<br \/>\n<span class=\"wpcf7-form-control-wrap\" data-name=\"your-phone\"><input size=\"40\" maxlength=\"400\" class=\"wpcf7-form-control wpcf7-tel wpcf7-validates-as-required wpcf7-text wpcf7-validates-as-tel\" aria-required=\"true\" aria-invalid=\"false\" placeholder=\"+33 1 23 45 67 89\" value=\"\" type=\"tel\" name=\"your-phone\" \/><\/span> <\/label>\n<\/p>\n<p><label> Pays<br \/>\n<span class=\"wpcf7-form-control-wrap\" data-name=\"your-country\"><select class=\"wpcf7-form-control wpcf7-select wpcf7-validates-as-required\" aria-required=\"true\" aria-invalid=\"false\" name=\"your-country\"><option value=\"\">Select country&#8230;<\/option><option value=\"Pays non europ\u00e9en\">Pays non europ\u00e9en<\/option><option value=\"\u00c5land Islands\">\u00c5land Islands<\/option><option value=\"Albania\">Albania<\/option><option value=\"Andorra\">Andorra<\/option><option value=\"Austria\">Austria<\/option><option value=\"Belarus\">Belarus<\/option><option value=\"Belgium\">Belgium<\/option><option value=\"Bosnia and Herzegovina\">Bosnia and Herzegovina<\/option><option value=\"Bulgaria\">Bulgaria<\/option><option value=\"Croatia\">Croatia<\/option><option value=\"Cyprus\">Cyprus<\/option><option value=\"Czech Republic\">Czech Republic<\/option><option value=\"Denmark\">Denmark<\/option><option value=\"Estonia\">Estonia<\/option><option value=\"Faroe Islands\">Faroe Islands<\/option><option value=\"Finland\">Finland<\/option><option value=\"France\">France<\/option><option value=\"Germany\">Germany<\/option><option value=\"Greece\">Greece<\/option><option value=\"Guernsey\">Guernsey<\/option><option value=\"Hungary\">Hungary<\/option><option value=\"Iceland\">Iceland<\/option><option value=\"Ireland\">Ireland<\/option><option value=\"Isle of Man\">Isle of Man<\/option><option value=\"Italy\">Italy<\/option><option value=\"Jersey\">Jersey<\/option><option value=\"Latvia\">Latvia<\/option><option value=\"Liechtenstein\">Liechtenstein<\/option><option value=\"Lithuania\">Lithuania<\/option><option value=\"Luxembourg\">Luxembourg<\/option><option value=\"Macedonia\">Macedonia<\/option><option value=\"Malta\">Malta<\/option><option value=\"Moldova\">Moldova<\/option><option value=\"Monaco\">Monaco<\/option><option value=\"Netherlands\">Netherlands<\/option><option value=\"Norway\">Norway<\/option><option value=\"Poland\">Poland<\/option><option value=\"Portugal\">Portugal<\/option><option value=\"Romania\">Romania<\/option><option value=\"Russia\">Russia<\/option><option value=\"San Marino\">San Marino<\/option><option value=\"Slovakia\">Slovakia<\/option><option value=\"Slovenia\">Slovenia<\/option><option value=\"Spain\">Spain<\/option><option value=\"Sweden\">Sweden<\/option><option value=\"Switzerland\">Switzerland<\/option><option value=\"Ukraine\">Ukraine<\/option><option value=\"United Kingdom\">United Kingdom<\/option><option value=\"Autre\">Autre<\/option><\/select><\/span> <i class=\"icon-chevron_down\"><\/i> <\/label>\n<\/p>\n<p><label> Taille de l&rsquo;entreprise<br \/>\n<span class=\"wpcf7-form-control-wrap\" data-name=\"your-company-size\"><select class=\"wpcf7-form-control wpcf7-select wpcf7-validates-as-required\" aria-required=\"true\" aria-invalid=\"false\" name=\"your-company-size\"><option value=\"\">S\u00e9lectionnez dans la liste&#8230;<\/option><option value=\"1-9\">1-9<\/option><option value=\"10-49\">10-49<\/option><option value=\"50-99\">50-99<\/option><option value=\"100-249\">100-249<\/option><option value=\"250-499\">250-499<\/option><option value=\"500+\">500+<\/option><\/select><\/span> <i class=\"icon-chevron_down\"><\/i> <\/label>\n<\/p>\n<div class=\"textarea\">\n\t<p><label> De quoi aimeriez-vous discuter ?<br \/>\n<span class=\"wpcf7-form-control-wrap\" data-name=\"your-message\"><textarea cols=\"40\" rows=\"6\" maxlength=\"2000\" class=\"wpcf7-form-control wpcf7-textarea\" aria-invalid=\"false\" placeholder=\"Parlez-nous davantage de votre \u00e9quipe et du processus m\u00e9tier que vous souhaitez am\u00e9liorer.\" name=\"your-message\"><\/textarea><\/span> <\/label>\n\t<\/p>\n<\/div>\n<div class=\"form-control\">\n\t<p><span class=\"wpcf7-form-control-wrap\" data-name=\"your-agreement\"><span class=\"wpcf7-form-control wpcf7-acceptance\"><span class=\"wpcf7-list-item\"><label><input type=\"checkbox\" name=\"your-agreement\" value=\"1\" class=\"required\" aria-invalid=\"false\" \/><span class=\"wpcf7-list-item-label\">En cliquant sur \u00ab Envoyer \u00bb, vous acceptez les <a href=\"https:\/\/batieu.com\/fr\/termes-et-confidentialite\/\">Termes et confidentialit\u00e9<\/a> de Batieu.<\/span><\/label><\/span><\/span><\/span><br \/>\n<span id=\"wpcf7-69de6dc6300fa-wrapper\" class=\"wpcf7-form-control-wrap webiste-email-wrap\" ><input type=\"hidden\" name=\"webiste-email-time-start\" value=\"1776184774\"><input type=\"hidden\" name=\"webiste-email-time-check\" value=\"4\"><label for=\"webiste-email\" class=\"hp-message\">Website email<\/label><input id=\"webiste-email\"  placeholder=\"e-mail\"  class=\"wpcf7-form-control wpcf7-text\" type=\"text\" name=\"webiste-email\" value=\"\" size=\"40\" tabindex=\"-1\" autocomplete=\"new-password\" \/><\/span><br \/>\n<span id=\"wpcf7-69de6dc630138-wrapper\" class=\"wpcf7-form-control-wrap contact-middle-name-wrap\" ><input type=\"hidden\" name=\"contact-middle-name-time-start\" value=\"1776184774\"><input type=\"hidden\" name=\"contact-middle-name-time-check\" value=\"4\"><label for=\"contact-middle-name\" class=\"hp-message\">Website email<\/label><input id=\"contact-middle-name\"  placeholder=\"Email\"  class=\"wpcf7-form-control wpcf7-text\" type=\"text\" name=\"contact-middle-name\" value=\"\" size=\"40\" tabindex=\"-1\" autocomplete=\"new-password\" \/><\/span>\n\t<\/p>\n<\/div>\n<p><input class=\"wpcf7-form-control wpcf7-submit has-spinner\" type=\"submit\" value=\"Envoyer\" \/>\n<\/p><p style=\"display: none !important;\" class=\"akismet-fields-container\" data-prefix=\"_wpcf7_ak_\"><label>&#916;<textarea name=\"_wpcf7_ak_hp_textarea\" cols=\"45\" rows=\"8\" maxlength=\"100\"><\/textarea><\/label><input type=\"hidden\" id=\"ak_js_1\" name=\"_wpcf7_ak_js\" value=\"27\"\/><script>document.getElementById( \"ak_js_1\" ).setAttribute( \"value\", ( new Date() ).getTime() );<\/script><\/p><div class=\"wpcf7-response-output\" aria-hidden=\"true\"><\/div>\n<\/form>\n<\/div>\n                    <\/div>\n\n                <\/div>\n            <\/div>\n        <\/div>\n    <\/div>\n<\/section>\n\n\n\n<section class=\"features-section features-section--secondary\" >\n    \n\t<div class=\"container container--mod\">\n\t\t<div class=\"row\">\n\t\t\t<div class=\"col-xs-12 col-md-12 col-lg-12\">\n\t\t\t\t<div class=\"features-section__content\">\n\n                    \n\t\t\t\t\t<div class=\"features-section__wrapper\">\n\n\t\t\t\t\t\t<div class=\"features-section__img\">\n                                                            <img width=\"600\" height=\"493\" src=\"https:\/\/batieu.com\/fr\/wp-content\/uploads\/sites\/4\/2023\/08\/features-batieu-2x.webp\" class=\"features-img\" alt=\"Fonctionnalit\u00e9s du logiciel Batieu pour les entreprises de construction\" loading=\"lazy\" decoding=\"async\" srcset=\"https:\/\/batieu.com\/fr\/wp-content\/uploads\/sites\/4\/2023\/08\/features-batieu-2x.webp 1168w, https:\/\/batieu.com\/fr\/wp-content\/uploads\/sites\/4\/2023\/08\/features-batieu-2x-300x247.webp 300w, https:\/\/batieu.com\/fr\/wp-content\/uploads\/sites\/4\/2023\/08\/features-batieu-2x-1024x842.webp 1024w, https:\/\/batieu.com\/fr\/wp-content\/uploads\/sites\/4\/2023\/08\/features-batieu-2x-768x631.webp 768w\" sizes=\"auto, (max-width: 600px) 100vw, 600px\" \/>                            \t\t\t\t\t\t<\/div>\n\n\t\t\t\t\t\t<div class=\"features-section__description\">\n                            \t\t\t\t\t\t\t<h3>Cr\u00e9ez votre propre espace de travail<\/h3>\n                            <p class=\"p1\">D\u00e9veloppez votre entreprise avec un logiciel de construction et assurez-vous de contr\u00f4ler chaque \u00e9tape de votre projet. Collaborez avec d\u2019autres et utilisez de nombreuses fonctions en un seul endroit.<\/p>\n\n\t\t\t\t\t\t\t<!--Start of Bullet list-->\n                            \t\t\t\t\t\t\t<!--End of Bullet list-->\n\n\t\t\t\t\t\t\t<!--Start of Buttons-->\n\t\t\t\t\t\t\t<div class=\"features-section__actions\">\n                                \t\t\t\t\t\t\t<\/div>\n\t\t\t\t\t\t\t<!--End of Buttons-->\n\t\t\t\t\t\t<\/div>\n\t\t\t\t\t<\/div>\n\n\t\t\t\t\t<!--Start of Footer-->\n                    \t\t\t\t\t<!--End of Footer-->\n\n\t\t\t\t<\/div>\n\t\t\t<\/div>\n\t\t<\/div>\n\t<\/div>\n<\/section>\n","protected":false},"excerpt":{"rendered":"","protected":false},"author":1,"featured_media":1417,"parent":0,"menu_order":0,"comment_status":"closed","ping_status":"closed","template":"page-form.php","meta":{"_acf_changed":false,"footnotes":""},"class_list":["post-515","page","type-page","status-publish","has-post-thumbnail","hentry"],"acf":[],"yoast_head":"<!-- This site is optimized with the Yoast SEO plugin v27.1 - https:\/\/yoast.com\/product\/yoast-seo-wordpress\/ -->\n<title>Demander une d\u00e9mo \u2013 Batieu<\/title>\n<meta name=\"description\" content=\"Testez Batieu dans votre entreprise et voyez les avantages. Contactez notre consultant et obtenez une version de d\u00e9monstration gratuite. Commencez d\u00e8s maintenant!\" \/>\n<meta name=\"robots\" content=\"index, follow, max-snippet:-1, max-image-preview:large, max-video-preview:-1\" \/>\n<link rel=\"canonical\" href=\"https:\/\/batieu.com\/fr\/demo\/\" \/>\n<meta property=\"og:locale\" content=\"fr_FR\" \/>\n<meta property=\"og:type\" content=\"article\" \/>\n<meta property=\"og:title\" content=\"Demander une d\u00e9mo \u2013 Batieu\" \/>\n<meta property=\"og:description\" content=\"Testez Batieu dans votre entreprise et voyez les avantages. Contactez notre consultant et obtenez une version de d\u00e9monstration gratuite. Commencez d\u00e8s maintenant!\" \/>\n<meta property=\"og:url\" content=\"https:\/\/batieu.com\/fr\/demo\/\" \/>\n<meta property=\"og:site_name\" content=\"Logiciel de gestion de la construction - Batieu\" \/>\n<meta property=\"article:modified_time\" content=\"2024-02-07T09:27:47+00:00\" \/>\n<meta property=\"og:image\" content=\"https:\/\/batieu.com\/pl\/wp-content\/uploads\/sites\/2\/2025\/10\/Batieu.webp\" \/>\n\t<meta property=\"og:image:width\" content=\"1200\" \/>\n\t<meta property=\"og:image:height\" content=\"800\" \/>\n\t<meta property=\"og:image:type\" content=\"image\/jpeg\" \/>\n<meta name=\"twitter:card\" content=\"summary_large_image\" \/>\n<meta name=\"twitter:label1\" content=\"Dur\u00e9e de lecture estim\u00e9e\" \/>\n\t<meta name=\"twitter:data1\" content=\"1 minute\" \/>\n<script type=\"application\/ld+json\" class=\"yoast-schema-graph\">{\"@context\":\"https:\/\/schema.org\",\"@graph\":[{\"@type\":\"WebPage\",\"@id\":\"https:\/\/batieu.com\/fr\/demo\/\",\"url\":\"https:\/\/batieu.com\/fr\/demo\/\",\"name\":\"Demander une d\u00e9mo \u2013 Batieu\",\"isPartOf\":{\"@id\":\"https:\/\/batieu.com\/fr\/#website\"},\"primaryImageOfPage\":{\"@id\":\"https:\/\/batieu.com\/fr\/demo\/#primaryimage\"},\"image\":{\"@id\":\"https:\/\/batieu.com\/fr\/demo\/#primaryimage\"},\"thumbnailUrl\":\"https:\/\/batieu.com\/fr\/wp-content\/uploads\/sites\/4\/2023\/10\/batieu-og-default.jpg\",\"datePublished\":\"2023-08-09T08:26:14+00:00\",\"dateModified\":\"2024-02-07T09:27:47+00:00\",\"description\":\"Testez Batieu dans votre entreprise et voyez les avantages. Contactez notre consultant et obtenez une version de d\u00e9monstration gratuite. Commencez d\u00e8s maintenant!\",\"breadcrumb\":{\"@id\":\"https:\/\/batieu.com\/fr\/demo\/#breadcrumb\"},\"inLanguage\":\"fr-FR\",\"potentialAction\":[{\"@type\":\"ReadAction\",\"target\":[\"https:\/\/batieu.com\/fr\/demo\/\"]}]},{\"@type\":\"ImageObject\",\"inLanguage\":\"fr-FR\",\"@id\":\"https:\/\/batieu.com\/fr\/demo\/#primaryimage\",\"url\":\"https:\/\/batieu.com\/fr\/wp-content\/uploads\/sites\/4\/2023\/10\/batieu-og-default.jpg\",\"contentUrl\":\"https:\/\/batieu.com\/fr\/wp-content\/uploads\/sites\/4\/2023\/10\/batieu-og-default.jpg\",\"width\":1200,\"height\":800},{\"@type\":\"BreadcrumbList\",\"@id\":\"https:\/\/batieu.com\/fr\/demo\/#breadcrumb\",\"itemListElement\":[{\"@type\":\"ListItem\",\"position\":1,\"name\":\"Strona g\u0142\u00f3wna\",\"item\":\"https:\/\/batieu.com\/fr\/\"},{\"@type\":\"ListItem\",\"position\":2,\"name\":\"Version d\u00e9mo\"}]},{\"@type\":\"WebSite\",\"@id\":\"https:\/\/batieu.com\/fr\/#website\",\"url\":\"https:\/\/batieu.com\/fr\/\",\"name\":\"Logiciel de gestion de la construction - Batieu\",\"description\":\"\",\"potentialAction\":[{\"@type\":\"SearchAction\",\"target\":{\"@type\":\"EntryPoint\",\"urlTemplate\":\"https:\/\/batieu.com\/fr\/?s={search_term_string}\"},\"query-input\":{\"@type\":\"PropertyValueSpecification\",\"valueRequired\":true,\"valueName\":\"search_term_string\"}}],\"inLanguage\":\"fr-FR\"}]}<\/script>\n<!-- \/ Yoast SEO plugin. -->","yoast_head_json":{"title":"Demander une d\u00e9mo \u2013 Batieu","description":"Testez Batieu dans votre entreprise et voyez les avantages. Contactez notre consultant et obtenez une version de d\u00e9monstration gratuite. Commencez d\u00e8s maintenant!","robots":{"index":"index","follow":"follow","max-snippet":"max-snippet:-1","max-image-preview":"max-image-preview:large","max-video-preview":"max-video-preview:-1"},"canonical":"https:\/\/batieu.com\/fr\/demo\/","og_locale":"fr_FR","og_type":"article","og_title":"Demander une d\u00e9mo \u2013 Batieu","og_description":"Testez Batieu dans votre entreprise et voyez les avantages. Contactez notre consultant et obtenez une version de d\u00e9monstration gratuite. Commencez d\u00e8s maintenant!","og_url":"https:\/\/batieu.com\/fr\/demo\/","og_site_name":"Logiciel de gestion de la construction - Batieu","article_modified_time":"2024-02-07T09:27:47+00:00","og_image":[{"width":1200,"height":800,"url":"https:\/\/batieu.com\/pl\/wp-content\/uploads\/sites\/2\/2025\/10\/Batieu.webp","type":"image\/jpeg"}],"twitter_card":"summary_large_image","twitter_misc":{"Dur\u00e9e de lecture estim\u00e9e":"1 minute"},"schema":{"@context":"https:\/\/schema.org","@graph":[{"@type":"WebPage","@id":"https:\/\/batieu.com\/fr\/demo\/","url":"https:\/\/batieu.com\/fr\/demo\/","name":"Demander une d\u00e9mo \u2013 Batieu","isPartOf":{"@id":"https:\/\/batieu.com\/fr\/#website"},"primaryImageOfPage":{"@id":"https:\/\/batieu.com\/fr\/demo\/#primaryimage"},"image":{"@id":"https:\/\/batieu.com\/fr\/demo\/#primaryimage"},"thumbnailUrl":"https:\/\/batieu.com\/fr\/wp-content\/uploads\/sites\/4\/2023\/10\/batieu-og-default.jpg","datePublished":"2023-08-09T08:26:14+00:00","dateModified":"2024-02-07T09:27:47+00:00","description":"Testez Batieu dans votre entreprise et voyez les avantages. Contactez notre consultant et obtenez une version de d\u00e9monstration gratuite. Commencez d\u00e8s maintenant!","breadcrumb":{"@id":"https:\/\/batieu.com\/fr\/demo\/#breadcrumb"},"inLanguage":"fr-FR","potentialAction":[{"@type":"ReadAction","target":["https:\/\/batieu.com\/fr\/demo\/"]}]},{"@type":"ImageObject","inLanguage":"fr-FR","@id":"https:\/\/batieu.com\/fr\/demo\/#primaryimage","url":"https:\/\/batieu.com\/fr\/wp-content\/uploads\/sites\/4\/2023\/10\/batieu-og-default.jpg","contentUrl":"https:\/\/batieu.com\/fr\/wp-content\/uploads\/sites\/4\/2023\/10\/batieu-og-default.jpg","width":1200,"height":800},{"@type":"BreadcrumbList","@id":"https:\/\/batieu.com\/fr\/demo\/#breadcrumb","itemListElement":[{"@type":"ListItem","position":1,"name":"Strona g\u0142\u00f3wna","item":"https:\/\/batieu.com\/fr\/"},{"@type":"ListItem","position":2,"name":"Version d\u00e9mo"}]},{"@type":"WebSite","@id":"https:\/\/batieu.com\/fr\/#website","url":"https:\/\/batieu.com\/fr\/","name":"Logiciel de gestion de la construction - Batieu","description":"","potentialAction":[{"@type":"SearchAction","target":{"@type":"EntryPoint","urlTemplate":"https:\/\/batieu.com\/fr\/?s={search_term_string}"},"query-input":{"@type":"PropertyValueSpecification","valueRequired":true,"valueName":"search_term_string"}}],"inLanguage":"fr-FR"}]}},"_links":{"self":[{"href":"https:\/\/batieu.com\/fr\/wp-json\/wp\/v2\/pages\/515","targetHints":{"allow":["GET"]}}],"collection":[{"href":"https:\/\/batieu.com\/fr\/wp-json\/wp\/v2\/pages"}],"about":[{"href":"https:\/\/batieu.com\/fr\/wp-json\/wp\/v2\/types\/page"}],"author":[{"embeddable":true,"href":"https:\/\/batieu.com\/fr\/wp-json\/wp\/v2\/users\/1"}],"replies":[{"embeddable":true,"href":"https:\/\/batieu.com\/fr\/wp-json\/wp\/v2\/comments?post=515"}],"version-history":[{"count":50,"href":"https:\/\/batieu.com\/fr\/wp-json\/wp\/v2\/pages\/515\/revisions"}],"predecessor-version":[{"id":2102,"href":"https:\/\/batieu.com\/fr\/wp-json\/wp\/v2\/pages\/515\/revisions\/2102"}],"wp:featuredmedia":[{"embeddable":true,"href":"https:\/\/batieu.com\/fr\/wp-json\/wp\/v2\/media\/1417"}],"wp:attachment":[{"href":"https:\/\/batieu.com\/fr\/wp-json\/wp\/v2\/media?parent=515"}],"curies":[{"name":"wp","href":"https:\/\/api.w.org\/{rel}","templated":true}]}}