{"id":451,"date":"2023-08-08T09:28:58","date_gmt":"2023-08-08T07:28:58","guid":{"rendered":"http:\/\/batieu.com\/pl\/?page_id=451"},"modified":"2025-11-06T12:08:51","modified_gmt":"2025-11-06T11:08:51","slug":"blog","status":"publish","type":"page","link":"https:\/\/batieu.com\/pl\/blog\/","title":{"rendered":"Blog"},"content":{"rendered":"","protected":false},"excerpt":{"rendered":"","protected":false},"author":1,"featured_media":1914,"parent":0,"menu_order":0,"comment_status":"closed","ping_status":"closed","template":"page-blog.php","meta":{"_acf_changed":false,"footnotes":""},"class_list":["post-451","page","type-page","status-publish","has-post-thumbnail","hentry"],"acf":[],"yoast_head":"<!-- This site is optimized with the Yoast SEO plugin v27.1 - https:\/\/yoast.com\/product\/yoast-seo-wordpress\/ -->\n<title>Blog \u2013 Batieu<\/title>\n<meta name=\"description\" content=\"B\u0105d\u017a na bie\u017c\u0105co z informacjami, kt\u00f3re kszta\u0142tuj\u0105 bran\u017c\u0119 budowlan\u0105. Dowiedz si\u0119 wi\u0119cej o technologiach, zarz\u0105dzaniu projektem i zespo\u0142ami.\" \/>\n<meta name=\"robots\" content=\"index, follow, max-snippet:-1, max-image-preview:large, max-video-preview:-1\" \/>\n<link rel=\"canonical\" href=\"https:\/\/batieu.com\/pl\/blog\/\" \/>\n<meta property=\"og:locale\" content=\"pl_PL\" \/>\n<meta property=\"og:type\" content=\"article\" \/>\n<meta property=\"og:title\" content=\"Blog \u2013 Batieu\" \/>\n<meta property=\"og:description\" content=\"B\u0105d\u017a na bie\u017c\u0105co z informacjami, kt\u00f3re kszta\u0142tuj\u0105 bran\u017c\u0119 budowlan\u0105. Dowiedz si\u0119 wi\u0119cej o technologiach, zarz\u0105dzaniu projektem i zespo\u0142ami.\" \/>\n<meta property=\"og:url\" content=\"https:\/\/batieu.com\/pl\/blog\/\" \/>\n<meta property=\"og:site_name\" content=\"Oprogramowanie dla firm budowlanych - Batieu\" \/>\n<meta property=\"article:modified_time\" content=\"2025-11-06T11:08:51+00:00\" \/>\n<meta property=\"og:image\" content=\"https:\/\/batieu.com\/pl\/wp-content\/uploads\/sites\/2\/2025\/10\/Batieu.webp\" \/>\n\t<meta property=\"og:image:width\" content=\"2400\" \/>\n\t<meta property=\"og:image:height\" content=\"1600\" \/>\n\t<meta property=\"og:image:type\" content=\"image\/webp\" \/>\n<meta name=\"twitter:card\" content=\"summary_large_image\" \/>\n<meta name=\"twitter:image\" content=\"https:\/\/batieu.com\/pl\/wp-content\/uploads\/sites\/2\/2023\/10\/batieu-og-default.jpg\" \/>\n<meta name=\"twitter:label1\" content=\"Szacowany czas czytania\" \/>\n\t<meta name=\"twitter:data1\" content=\"1 minuta\" \/>\n<script type=\"application\/ld+json\" class=\"yoast-schema-graph\">{\"@context\":\"https:\/\/schema.org\",\"@graph\":[{\"@type\":\"WebPage\",\"@id\":\"https:\/\/batieu.com\/pl\/blog\/\",\"url\":\"https:\/\/batieu.com\/pl\/blog\/\",\"name\":\"Blog \u2013 Batieu\",\"isPartOf\":{\"@id\":\"https:\/\/batieu.com\/pl\/#website\"},\"primaryImageOfPage\":{\"@id\":\"https:\/\/batieu.com\/pl\/blog\/#primaryimage\"},\"image\":{\"@id\":\"https:\/\/batieu.com\/pl\/blog\/#primaryimage\"},\"thumbnailUrl\":\"https:\/\/batieu.com\/pl\/wp-content\/uploads\/sites\/2\/2025\/10\/Batieu.webp\",\"datePublished\":\"2023-08-08T07:28:58+00:00\",\"dateModified\":\"2025-11-06T11:08:51+00:00\",\"description\":\"B\u0105d\u017a na bie\u017c\u0105co z informacjami, kt\u00f3re kszta\u0142tuj\u0105 bran\u017c\u0119 budowlan\u0105. Dowiedz si\u0119 wi\u0119cej o technologiach, zarz\u0105dzaniu projektem i zespo\u0142ami.\",\"breadcrumb\":{\"@id\":\"https:\/\/batieu.com\/pl\/blog\/#breadcrumb\"},\"inLanguage\":\"pl-PL\",\"potentialAction\":[{\"@type\":\"ReadAction\",\"target\":[\"https:\/\/batieu.com\/pl\/blog\/\"]}]},{\"@type\":\"ImageObject\",\"inLanguage\":\"pl-PL\",\"@id\":\"https:\/\/batieu.com\/pl\/blog\/#primaryimage\",\"url\":\"https:\/\/batieu.com\/pl\/wp-content\/uploads\/sites\/2\/2025\/10\/Batieu.webp\",\"contentUrl\":\"https:\/\/batieu.com\/pl\/wp-content\/uploads\/sites\/2\/2025\/10\/Batieu.webp\",\"width\":2400,\"height\":1600},{\"@type\":\"BreadcrumbList\",\"@id\":\"https:\/\/batieu.com\/pl\/blog\/#breadcrumb\",\"itemListElement\":[{\"@type\":\"ListItem\",\"position\":1,\"name\":\"Strona g\u0142\u00f3wna\",\"item\":\"https:\/\/batieu.com\/pl\/\"},{\"@type\":\"ListItem\",\"position\":2,\"name\":\"Blog\"}]},{\"@type\":\"WebSite\",\"@id\":\"https:\/\/batieu.com\/pl\/#website\",\"url\":\"https:\/\/batieu.com\/pl\/\",\"name\":\"Oprogramowanie dla firm budowlanych - Batieu\",\"description\":\"\",\"potentialAction\":[{\"@type\":\"SearchAction\",\"target\":{\"@type\":\"EntryPoint\",\"urlTemplate\":\"https:\/\/batieu.com\/pl\/?s={search_term_string}\"},\"query-input\":{\"@type\":\"PropertyValueSpecification\",\"valueRequired\":true,\"valueName\":\"search_term_string\"}}],\"inLanguage\":\"pl-PL\"}]}<\/script>\n<!-- \/ Yoast SEO plugin. -->","yoast_head_json":{"title":"Blog \u2013 Batieu","description":"B\u0105d\u017a na bie\u017c\u0105co z informacjami, kt\u00f3re kszta\u0142tuj\u0105 bran\u017c\u0119 budowlan\u0105. Dowiedz si\u0119 wi\u0119cej o technologiach, zarz\u0105dzaniu projektem i zespo\u0142ami.","robots":{"index":"index","follow":"follow","max-snippet":"max-snippet:-1","max-image-preview":"max-image-preview:large","max-video-preview":"max-video-preview:-1"},"canonical":"https:\/\/batieu.com\/pl\/blog\/","og_locale":"pl_PL","og_type":"article","og_title":"Blog \u2013 Batieu","og_description":"B\u0105d\u017a na bie\u017c\u0105co z informacjami, kt\u00f3re kszta\u0142tuj\u0105 bran\u017c\u0119 budowlan\u0105. Dowiedz si\u0119 wi\u0119cej o technologiach, zarz\u0105dzaniu projektem i zespo\u0142ami.","og_url":"https:\/\/batieu.com\/pl\/blog\/","og_site_name":"Oprogramowanie dla firm budowlanych - Batieu","article_modified_time":"2025-11-06T11:08:51+00:00","og_image":[{"width":2400,"height":1600,"url":"https:\/\/batieu.com\/pl\/wp-content\/uploads\/sites\/2\/2025\/10\/Batieu.webp","type":"image\/webp"}],"twitter_card":"summary_large_image","twitter_image":"https:\/\/batieu.com\/pl\/wp-content\/uploads\/sites\/2\/2023\/10\/batieu-og-default.jpg","twitter_misc":{"Szacowany czas czytania":"1 minuta"},"schema":{"@context":"https:\/\/schema.org","@graph":[{"@type":"WebPage","@id":"https:\/\/batieu.com\/pl\/blog\/","url":"https:\/\/batieu.com\/pl\/blog\/","name":"Blog \u2013 Batieu","isPartOf":{"@id":"https:\/\/batieu.com\/pl\/#website"},"primaryImageOfPage":{"@id":"https:\/\/batieu.com\/pl\/blog\/#primaryimage"},"image":{"@id":"https:\/\/batieu.com\/pl\/blog\/#primaryimage"},"thumbnailUrl":"https:\/\/batieu.com\/pl\/wp-content\/uploads\/sites\/2\/2025\/10\/Batieu.webp","datePublished":"2023-08-08T07:28:58+00:00","dateModified":"2025-11-06T11:08:51+00:00","description":"B\u0105d\u017a na bie\u017c\u0105co z informacjami, kt\u00f3re kszta\u0142tuj\u0105 bran\u017c\u0119 budowlan\u0105. Dowiedz si\u0119 wi\u0119cej o technologiach, zarz\u0105dzaniu projektem i zespo\u0142ami.","breadcrumb":{"@id":"https:\/\/batieu.com\/pl\/blog\/#breadcrumb"},"inLanguage":"pl-PL","potentialAction":[{"@type":"ReadAction","target":["https:\/\/batieu.com\/pl\/blog\/"]}]},{"@type":"ImageObject","inLanguage":"pl-PL","@id":"https:\/\/batieu.com\/pl\/blog\/#primaryimage","url":"https:\/\/batieu.com\/pl\/wp-content\/uploads\/sites\/2\/2025\/10\/Batieu.webp","contentUrl":"https:\/\/batieu.com\/pl\/wp-content\/uploads\/sites\/2\/2025\/10\/Batieu.webp","width":2400,"height":1600},{"@type":"BreadcrumbList","@id":"https:\/\/batieu.com\/pl\/blog\/#breadcrumb","itemListElement":[{"@type":"ListItem","position":1,"name":"Strona g\u0142\u00f3wna","item":"https:\/\/batieu.com\/pl\/"},{"@type":"ListItem","position":2,"name":"Blog"}]},{"@type":"WebSite","@id":"https:\/\/batieu.com\/pl\/#website","url":"https:\/\/batieu.com\/pl\/","name":"Oprogramowanie dla firm budowlanych - Batieu","description":"","potentialAction":[{"@type":"SearchAction","target":{"@type":"EntryPoint","urlTemplate":"https:\/\/batieu.com\/pl\/?s={search_term_string}"},"query-input":{"@type":"PropertyValueSpecification","valueRequired":true,"valueName":"search_term_string"}}],"inLanguage":"pl-PL"}]}},"_links":{"self":[{"href":"https:\/\/batieu.com\/pl\/wp-json\/wp\/v2\/pages\/451","targetHints":{"allow":["GET"]}}],"collection":[{"href":"https:\/\/batieu.com\/pl\/wp-json\/wp\/v2\/pages"}],"about":[{"href":"https:\/\/batieu.com\/pl\/wp-json\/wp\/v2\/types\/page"}],"author":[{"embeddable":true,"href":"https:\/\/batieu.com\/pl\/wp-json\/wp\/v2\/users\/1"}],"replies":[{"embeddable":true,"href":"https:\/\/batieu.com\/pl\/wp-json\/wp\/v2\/comments?post=451"}],"version-history":[{"count":16,"href":"https:\/\/batieu.com\/pl\/wp-json\/wp\/v2\/pages\/451\/revisions"}],"predecessor-version":[{"id":1663,"href":"https:\/\/batieu.com\/pl\/wp-json\/wp\/v2\/pages\/451\/revisions\/1663"}],"wp:featuredmedia":[{"embeddable":true,"href":"https:\/\/batieu.com\/pl\/wp-json\/wp\/v2\/media\/1914"}],"wp:attachment":[{"href":"https:\/\/batieu.com\/pl\/wp-json\/wp\/v2\/media?parent=451"}],"curies":[{"name":"wp","href":"https:\/\/api.w.org\/{rel}","templated":true}]}}