{"id":555,"date":"2023-08-10T08:55:16","date_gmt":"2023-08-10T06:55:16","guid":{"rendered":"http:\/\/batieu.com\/pl\/?page_id=555"},"modified":"2024-05-20T11:23:47","modified_gmt":"2024-05-20T09:23:47","slug":"pomoc-techniczna","status":"publish","type":"page","link":"https:\/\/batieu.com\/pl\/pomoc-techniczna\/","title":{"rendered":"Pomoc techniczna"},"content":{"rendered":"<section class=\"contact-section\">\n    <div class=\"container container--mod\">\n        <div class=\"row\">\n            <div class=\"col-xs-12 col-md-12 col-lg-12\">\n                <div class=\"contact-section__content\">\n                    <div class=\"contact-section__wrapper\">\n                        <div class=\"contact-section__img\">\n\t\t\t\t\t\t\t                            <img decoding=\"async\" src=\"https:\/\/batieu.com\/pl\/wp-content\/uploads\/sites\/2\/2023\/08\/form-contact.webp\" alt=\"M\u0119\u017cczyzna korzysta z aplikacji dla firm budowlanych Batieu na laptopie\">\n\t\t\t\t\t\t\t                        <\/div>\n\t\t\t\t\t\t<!--Start of Bullet list-->\n                        \t\t\t\t\t\t\t<ul class=\"bullet-list\">\n                                \t\t\t\t\t\t\t\t\t<li>\n\t\t\t\t\t\t\t\t\t\t<div class=\"bullet\"><i class=\"icon-check\"><\/i><\/div>\n                                        Podziel si\u0119 swoj\u0105 opini\u0105 i sugestiami odno\u015bnie korzystania z aplikacji.\t\t\t\t\t\t\t\t\t<\/li>\n\n                                \t\t\t\t\t\t\t\t\t<li>\n\t\t\t\t\t\t\t\t\t\t<div class=\"bullet\"><i class=\"icon-check\"><\/i><\/div>\n                                        Zg\u0142o\u015b b\u0142\u0119dy &#8211; b\u0119dziemy wdzi\u0119czni za szczeg\u00f3\u0142owy opis problemu.\t\t\t\t\t\t\t\t\t<\/li>\n\n                                \t\t\t\t\t\t\t\t\t<li>\n\t\t\t\t\t\t\t\t\t\t<div class=\"bullet\"><i class=\"icon-check\"><\/i><\/div>\n                                        Popro\u015b o pomoc w zakresie zak\u0142adania konta lub obs\u0142ugi platformy.\t\t\t\t\t\t\t\t\t<\/li>\n\n                                \t\t\t\t\t\t\t<\/ul>\n                        \t\t\t\t\t\t<!--End of Bullet list-->\n\n                    <\/div>\n                    <div class=\"contact-card contact-card--secondary\">\n                        <h3>Skontaktuj si\u0119 z pomoc\u0105 techniczn\u0105<\/h3>\n                        <p>Je\u015bli masz jakie\u015b pytania, skontaktuj si\u0119 z nami. Odpowiemy tak szybko jak to mo\u017cliwe. Im wi\u0119cej informacji nam dostarczysz, tym lepiej b\u0119dziemy mogli Ci pom\u00f3c.<\/p>\n\t\t\t\t\t\t\n<div class=\"wpcf7 no-js\" id=\"wpcf7-f561-o1\" lang=\"pl-PL\" dir=\"ltr\" data-wpcf7-id=\"561\">\n<div class=\"screen-reader-response\"><p role=\"status\" aria-live=\"polite\" aria-atomic=\"true\"><\/p> <ul><\/ul><\/div>\n<form action=\"\/pl\/wp-json\/wp\/v2\/pages\/555#wpcf7-f561-o1\" method=\"post\" class=\"wpcf7-form init wpcf7-acceptance-as-validation\" aria-label=\"Formularz kontaktowy\" novalidate=\"novalidate\" data-status=\"init\">\n<fieldset class=\"hidden-fields-container\"><input type=\"hidden\" name=\"_wpcf7\" value=\"561\" \/><input type=\"hidden\" name=\"_wpcf7_version\" value=\"6.1.5\" \/><input type=\"hidden\" name=\"_wpcf7_locale\" value=\"pl_PL\" \/><input type=\"hidden\" name=\"_wpcf7_unit_tag\" value=\"wpcf7-f561-o1\" \/><input type=\"hidden\" name=\"_wpcf7_container_post\" value=\"0\" \/><input type=\"hidden\" name=\"_wpcf7_posted_data_hash\" value=\"\" \/><input type=\"hidden\" name=\"_wpcf7_recaptcha_response\" value=\"\" \/>\n<\/fieldset>\n<p><label> Tw\u00f3j adres e-mail<br \/>\n<span class=\"wpcf7-form-control-wrap\" data-name=\"your-email\"><input size=\"40\" maxlength=\"400\" class=\"wpcf7-form-control wpcf7-email wpcf7-validates-as-required wpcf7-text wpcf7-validates-as-email\" aria-required=\"true\" aria-invalid=\"false\" placeholder=\"nazwa@domena.pl\" value=\"\" type=\"email\" name=\"your-email\" \/><\/span> <\/label>\n<\/p>\n<p><label> Temat<br \/>\n<span class=\"wpcf7-form-control-wrap\" data-name=\"your-topic\"><select class=\"wpcf7-form-control wpcf7-select wpcf7-validates-as-required\" aria-required=\"true\" aria-invalid=\"false\" name=\"your-topic\"><option value=\"\">Wybierz temat\u2026<\/option><option value=\"Zg\u0142o\u015b b\u0142\u0105d\">Zg\u0142o\u015b b\u0142\u0105d<\/option><option value=\"Pro\u015bba o funkcjonalno\u015b\u0107\">Pro\u015bba o funkcjonalno\u015b\u0107<\/option><option value=\"Informacja zwrotna\">Informacja zwrotna<\/option><option value=\"Ustawienia konta\">Ustawienia konta<\/option><option value=\"Pakiety i p\u0142atno\u015bci\">Pakiety i p\u0142atno\u015bci<\/option><option value=\"Pomoc techniczna\">Pomoc techniczna<\/option><option value=\"Inny\">Inny<\/option><\/select><\/span> <i class=\"icon-chevron_down\"><\/i> <\/label>\n<\/p>\n<p><label> Temat wiadomo\u015bci<br \/>\n<span class=\"wpcf7-form-control-wrap\" data-name=\"your-subject\"><input size=\"40\" maxlength=\"400\" class=\"wpcf7-form-control wpcf7-text wpcf7-validates-as-required\" aria-required=\"true\" aria-invalid=\"false\" placeholder=\"Napisz, czego dotyczy wiadomo\u015b\u0107\" value=\"\" type=\"text\" name=\"your-subject\" \/><\/span> <\/label>\n<\/p>\n<p><label> Pe\u0142na tre\u015b\u0107 wiadomo\u015bci<br \/>\n<span class=\"wpcf7-form-control-wrap\" data-name=\"your-message\"><textarea cols=\"40\" rows=\"6\" maxlength=\"2000\" class=\"wpcf7-form-control wpcf7-textarea\" aria-invalid=\"false\" placeholder=\"Podaj jak najwi\u0119cej szczeg\u00f3\u0142\u00f3w\" name=\"your-message\"><\/textarea><\/span> <\/label><br \/>\n<span id=\"wpcf7-69de706a3ffc7-wrapper\" class=\"wpcf7-form-control-wrap webiste-email-wrap\" ><input type=\"hidden\" name=\"webiste-email-time-start\" value=\"1776185450\"><input type=\"hidden\" name=\"webiste-email-time-check\" value=\"4\"><label for=\"webiste-email\" class=\"hp-message\">Contact middle name<\/label><input id=\"webiste-email\"  placeholder=\"e-mail\"  class=\"wpcf7-form-control wpcf7-text\" type=\"text\" name=\"webiste-email\" value=\"\" size=\"40\" tabindex=\"-1\" autocomplete=\"off\" \/><\/span>\n<\/p>\n<div class=\"form-control\">\n\t<p><span class=\"wpcf7-form-control-wrap\" data-name=\"your-agreement\"><span class=\"wpcf7-form-control wpcf7-acceptance\"><span class=\"wpcf7-list-item\"><label><input type=\"checkbox\" name=\"your-agreement\" value=\"1\" class=\"required\" aria-invalid=\"false\" \/><span class=\"wpcf7-list-item-label\">Klikaj\u0105c \u201eWy\u015blij\u201d akceptujesz <a href=\"https:\/\/batieu.com\/pl\/warunki-i-prywatnosc\/\"> Warunki i prywatno\u015b\u0107 <\/a> na Batieu.<\/span><\/label><\/span><\/span><\/span>\n\t<\/p>\n<\/div>\n<p><span id=\"wpcf7-69de706a400e3-wrapper\" class=\"wpcf7-form-control-wrap webiste-email-wrap\" ><input type=\"hidden\" name=\"webiste-email-time-start\" value=\"1776185450\"><input type=\"hidden\" name=\"webiste-email-time-check\" value=\"4\"><label for=\"webiste-email\" class=\"hp-message\">Contact middle name<\/label><input id=\"webiste-email\"  placeholder=\"e-mail\"  class=\"wpcf7-form-control wpcf7-text\" type=\"text\" name=\"webiste-email\" value=\"\" size=\"40\" tabindex=\"-1\" autocomplete=\"off\" \/><\/span><br \/>\n<span id=\"wpcf7-69de706a40131-wrapper\" class=\"wpcf7-form-control-wrap contact-middle-name-wrap\" ><input type=\"hidden\" name=\"contact-middle-name-time-start\" value=\"1776185450\"><input type=\"hidden\" name=\"contact-middle-name-time-check\" value=\"4\"><label for=\"contact-middle-name\" class=\"hp-message\">Contact middle name<\/label><input id=\"contact-middle-name\"  placeholder=\"Contact middle name\"  class=\"wpcf7-form-control wpcf7-text\" type=\"text\" name=\"contact-middle-name\" value=\"\" size=\"40\" tabindex=\"-1\" autocomplete=\"off\" \/><\/span><br \/>\n<input class=\"wpcf7-form-control wpcf7-submit has-spinner\" type=\"submit\" value=\"Wy\u015blij\" \/>\n<\/p><p style=\"display: none !important;\" class=\"akismet-fields-container\" data-prefix=\"_wpcf7_ak_\"><label>&#916;<textarea name=\"_wpcf7_ak_hp_textarea\" cols=\"45\" rows=\"8\" maxlength=\"100\"><\/textarea><\/label><input type=\"hidden\" id=\"ak_js_1\" name=\"_wpcf7_ak_js\" value=\"129\"\/><script>document.getElementById( \"ak_js_1\" ).setAttribute( \"value\", ( new Date() ).getTime() );<\/script><\/p><div class=\"wpcf7-response-output\" aria-hidden=\"true\"><\/div>\n<\/form>\n<\/div>\n                    <\/div>\n\n                <\/div>\n            <\/div>\n        <\/div>\n    <\/div>\n<\/section>\n\n\n\n<section class=\"features-section features-section--secondary\" >\n    \n\t<div class=\"container container--mod\">\n\t\t<div class=\"row\">\n\t\t\t<div class=\"col-xs-12 col-md-12 col-lg-12\">\n\t\t\t\t<div class=\"features-section__content\">\n\n                    \n\t\t\t\t\t<div class=\"features-section__wrapper\">\n\n\t\t\t\t\t\t<div class=\"features-section__img\">\n                                                            <img width=\"600\" height=\"493\" src=\"https:\/\/batieu.com\/pl\/wp-content\/uploads\/sites\/2\/2023\/08\/features-batieu-2x.webp\" class=\"features-img\" alt=\"Funkcjonalno\u015bci programu dla firm budowlanych Batieu\" loading=\"lazy\" decoding=\"async\" srcset=\"https:\/\/batieu.com\/pl\/wp-content\/uploads\/sites\/2\/2023\/08\/features-batieu-2x.webp 1168w, https:\/\/batieu.com\/pl\/wp-content\/uploads\/sites\/2\/2023\/08\/features-batieu-2x-300x247.webp 300w, https:\/\/batieu.com\/pl\/wp-content\/uploads\/sites\/2\/2023\/08\/features-batieu-2x-1024x842.webp 1024w, https:\/\/batieu.com\/pl\/wp-content\/uploads\/sites\/2\/2023\/08\/features-batieu-2x-768x631.webp 768w\" sizes=\"auto, (max-width: 600px) 100vw, 600px\" \/>                            \t\t\t\t\t\t<\/div>\n\n\t\t\t\t\t\t<div class=\"features-section__description\">\n                            \t\t\t\t\t\t\t\t<span>Stw\u00f3rz swoj\u0105 przestrze\u0144 do pracy<\/span>\n                            \t\t\t\t\t\t\t<h3>Wypr\u00f3buj innowacyjne narz\u0119dzie do zarz\u0105dzania budow\u0105 \u2013 za darmo!<\/h3>\n                            <p class=\"p1\">Rozwijaj sw\u00f3j biznes z oprogramowaniem dla firm budowlanych i upewnij si\u0119, \u017ce masz kontrol\u0119 nad ka\u017cdym etapem Twojego projektu. Wsp\u00f3\u0142pracuj z innymi i korzystaj z wielu funkcji w jednym miejscu.<\/p>\n\n\t\t\t\t\t\t\t<!--Start of Bullet list-->\n                            \t\t\t\t\t\t\t<!--End of Bullet list-->\n\n\t\t\t\t\t\t\t<!--Start of Buttons-->\n\t\t\t\t\t\t\t<div class=\"features-section__actions\">\n                                                                    \t\t\t\t\t\t\t\t\t\t<a href=\"https:\/\/batieu.com\/app\/signup\"\n\t\t\t\t\t\t\t\t\t\t   class=\"btn \">\n\t\t\t\t\t\t\t\t\t\t\t<div class=\"btn__content\">\n                                                Zarejestruj si\u0119 za darmo                                                \t\t\t\t\t\t\t\t\t\t\t<\/div>\n\t\t\t\t\t\t\t\t\t\t<\/a>\n                                                                    \t\t\t\t\t\t\t<\/div>\n\t\t\t\t\t\t\t<!--End of Buttons-->\n\t\t\t\t\t\t<\/div>\n\t\t\t\t\t<\/div>\n\n\t\t\t\t\t<!--Start of Footer-->\n                    \t\t\t\t\t<!--End of Footer-->\n\n\t\t\t\t<\/div>\n\t\t\t<\/div>\n\t\t<\/div>\n\t<\/div>\n<\/section>\n","protected":false},"excerpt":{"rendered":"","protected":false},"author":1,"featured_media":1417,"parent":0,"menu_order":0,"comment_status":"closed","ping_status":"closed","template":"page-form.php","meta":{"_acf_changed":false,"footnotes":""},"class_list":["post-555","page","type-page","status-publish","has-post-thumbnail","hentry"],"acf":[],"yoast_head":"<!-- This site is optimized with the Yoast SEO plugin v27.1 - https:\/\/yoast.com\/product\/yoast-seo-wordpress\/ -->\n<title>Pomoc techniczna - Oprogramowanie dla firm budowlanych - Batieu<\/title>\n<meta name=\"description\" content=\"Masz pytania? Jeste\u015bmy, by Ci pom\u00f3c. Napisz do nas, dok\u0142adnie opisz problem, a nasz specjalista skontaktuje si\u0119 z Tob\u0105.\" \/>\n<meta name=\"robots\" content=\"index, follow, max-snippet:-1, max-image-preview:large, max-video-preview:-1\" \/>\n<link rel=\"canonical\" href=\"https:\/\/batieu.com\/pl\/pomoc-techniczna\/\" \/>\n<meta property=\"og:locale\" content=\"pl_PL\" \/>\n<meta property=\"og:type\" content=\"article\" \/>\n<meta property=\"og:title\" content=\"Pomoc techniczna - Oprogramowanie dla firm budowlanych - Batieu\" \/>\n<meta property=\"og:description\" content=\"Masz pytania? Jeste\u015bmy, by Ci pom\u00f3c. Napisz do nas, dok\u0142adnie opisz problem, a nasz specjalista skontaktuje si\u0119 z Tob\u0105.\" \/>\n<meta property=\"og:url\" content=\"https:\/\/batieu.com\/pl\/pomoc-techniczna\/\" \/>\n<meta property=\"og:site_name\" content=\"Oprogramowanie dla firm budowlanych - Batieu\" \/>\n<meta property=\"article:modified_time\" content=\"2024-05-20T09:23:47+00:00\" \/>\n<meta property=\"og:image\" content=\"https:\/\/batieu.com\/pl\/wp-content\/uploads\/sites\/2\/2025\/10\/Batieu.webp\" \/>\n\t<meta property=\"og:image:width\" content=\"1200\" \/>\n\t<meta property=\"og:image:height\" content=\"800\" \/>\n\t<meta property=\"og:image:type\" content=\"image\/jpeg\" \/>\n<meta name=\"twitter:card\" content=\"summary_large_image\" \/>\n<meta name=\"twitter:label1\" content=\"Szacowany czas czytania\" \/>\n\t<meta name=\"twitter:data1\" content=\"1 minuta\" \/>\n<script type=\"application\/ld+json\" class=\"yoast-schema-graph\">{\"@context\":\"https:\/\/schema.org\",\"@graph\":[{\"@type\":\"WebPage\",\"@id\":\"https:\/\/batieu.com\/pl\/pomoc-techniczna\/\",\"url\":\"https:\/\/batieu.com\/pl\/pomoc-techniczna\/\",\"name\":\"Pomoc techniczna - Oprogramowanie dla firm budowlanych - Batieu\",\"isPartOf\":{\"@id\":\"https:\/\/batieu.com\/pl\/#website\"},\"primaryImageOfPage\":{\"@id\":\"https:\/\/batieu.com\/pl\/pomoc-techniczna\/#primaryimage\"},\"image\":{\"@id\":\"https:\/\/batieu.com\/pl\/pomoc-techniczna\/#primaryimage\"},\"thumbnailUrl\":\"https:\/\/batieu.com\/pl\/wp-content\/uploads\/sites\/2\/2023\/10\/batieu-og-default.jpg\",\"datePublished\":\"2023-08-10T06:55:16+00:00\",\"dateModified\":\"2024-05-20T09:23:47+00:00\",\"description\":\"Masz pytania? Jeste\u015bmy, by Ci pom\u00f3c. Napisz do nas, dok\u0142adnie opisz problem, a nasz specjalista skontaktuje si\u0119 z Tob\u0105.\",\"breadcrumb\":{\"@id\":\"https:\/\/batieu.com\/pl\/pomoc-techniczna\/#breadcrumb\"},\"inLanguage\":\"pl-PL\",\"potentialAction\":[{\"@type\":\"ReadAction\",\"target\":[\"https:\/\/batieu.com\/pl\/pomoc-techniczna\/\"]}]},{\"@type\":\"ImageObject\",\"inLanguage\":\"pl-PL\",\"@id\":\"https:\/\/batieu.com\/pl\/pomoc-techniczna\/#primaryimage\",\"url\":\"https:\/\/batieu.com\/pl\/wp-content\/uploads\/sites\/2\/2023\/10\/batieu-og-default.jpg\",\"contentUrl\":\"https:\/\/batieu.com\/pl\/wp-content\/uploads\/sites\/2\/2023\/10\/batieu-og-default.jpg\",\"width\":1200,\"height\":800},{\"@type\":\"BreadcrumbList\",\"@id\":\"https:\/\/batieu.com\/pl\/pomoc-techniczna\/#breadcrumb\",\"itemListElement\":[{\"@type\":\"ListItem\",\"position\":1,\"name\":\"Strona g\u0142\u00f3wna\",\"item\":\"https:\/\/batieu.com\/pl\/\"},{\"@type\":\"ListItem\",\"position\":2,\"name\":\"Pomoc techniczna\"}]},{\"@type\":\"WebSite\",\"@id\":\"https:\/\/batieu.com\/pl\/#website\",\"url\":\"https:\/\/batieu.com\/pl\/\",\"name\":\"Oprogramowanie dla firm budowlanych - Batieu\",\"description\":\"\",\"potentialAction\":[{\"@type\":\"SearchAction\",\"target\":{\"@type\":\"EntryPoint\",\"urlTemplate\":\"https:\/\/batieu.com\/pl\/?s={search_term_string}\"},\"query-input\":{\"@type\":\"PropertyValueSpecification\",\"valueRequired\":true,\"valueName\":\"search_term_string\"}}],\"inLanguage\":\"pl-PL\"}]}<\/script>\n<!-- \/ Yoast SEO plugin. -->","yoast_head_json":{"title":"Pomoc techniczna - Oprogramowanie dla firm budowlanych - Batieu","description":"Masz pytania? Jeste\u015bmy, by Ci pom\u00f3c. Napisz do nas, dok\u0142adnie opisz problem, a nasz specjalista skontaktuje si\u0119 z Tob\u0105.","robots":{"index":"index","follow":"follow","max-snippet":"max-snippet:-1","max-image-preview":"max-image-preview:large","max-video-preview":"max-video-preview:-1"},"canonical":"https:\/\/batieu.com\/pl\/pomoc-techniczna\/","og_locale":"pl_PL","og_type":"article","og_title":"Pomoc techniczna - Oprogramowanie dla firm budowlanych - Batieu","og_description":"Masz pytania? Jeste\u015bmy, by Ci pom\u00f3c. Napisz do nas, dok\u0142adnie opisz problem, a nasz specjalista skontaktuje si\u0119 z Tob\u0105.","og_url":"https:\/\/batieu.com\/pl\/pomoc-techniczna\/","og_site_name":"Oprogramowanie dla firm budowlanych - Batieu","article_modified_time":"2024-05-20T09:23:47+00:00","og_image":[{"width":1200,"height":800,"url":"https:\/\/batieu.com\/pl\/wp-content\/uploads\/sites\/2\/2025\/10\/Batieu.webp","type":"image\/jpeg"}],"twitter_card":"summary_large_image","twitter_misc":{"Szacowany czas czytania":"1 minuta"},"schema":{"@context":"https:\/\/schema.org","@graph":[{"@type":"WebPage","@id":"https:\/\/batieu.com\/pl\/pomoc-techniczna\/","url":"https:\/\/batieu.com\/pl\/pomoc-techniczna\/","name":"Pomoc techniczna - Oprogramowanie dla firm budowlanych - Batieu","isPartOf":{"@id":"https:\/\/batieu.com\/pl\/#website"},"primaryImageOfPage":{"@id":"https:\/\/batieu.com\/pl\/pomoc-techniczna\/#primaryimage"},"image":{"@id":"https:\/\/batieu.com\/pl\/pomoc-techniczna\/#primaryimage"},"thumbnailUrl":"https:\/\/batieu.com\/pl\/wp-content\/uploads\/sites\/2\/2023\/10\/batieu-og-default.jpg","datePublished":"2023-08-10T06:55:16+00:00","dateModified":"2024-05-20T09:23:47+00:00","description":"Masz pytania? Jeste\u015bmy, by Ci pom\u00f3c. Napisz do nas, dok\u0142adnie opisz problem, a nasz specjalista skontaktuje si\u0119 z Tob\u0105.","breadcrumb":{"@id":"https:\/\/batieu.com\/pl\/pomoc-techniczna\/#breadcrumb"},"inLanguage":"pl-PL","potentialAction":[{"@type":"ReadAction","target":["https:\/\/batieu.com\/pl\/pomoc-techniczna\/"]}]},{"@type":"ImageObject","inLanguage":"pl-PL","@id":"https:\/\/batieu.com\/pl\/pomoc-techniczna\/#primaryimage","url":"https:\/\/batieu.com\/pl\/wp-content\/uploads\/sites\/2\/2023\/10\/batieu-og-default.jpg","contentUrl":"https:\/\/batieu.com\/pl\/wp-content\/uploads\/sites\/2\/2023\/10\/batieu-og-default.jpg","width":1200,"height":800},{"@type":"BreadcrumbList","@id":"https:\/\/batieu.com\/pl\/pomoc-techniczna\/#breadcrumb","itemListElement":[{"@type":"ListItem","position":1,"name":"Strona g\u0142\u00f3wna","item":"https:\/\/batieu.com\/pl\/"},{"@type":"ListItem","position":2,"name":"Pomoc techniczna"}]},{"@type":"WebSite","@id":"https:\/\/batieu.com\/pl\/#website","url":"https:\/\/batieu.com\/pl\/","name":"Oprogramowanie dla firm budowlanych - Batieu","description":"","potentialAction":[{"@type":"SearchAction","target":{"@type":"EntryPoint","urlTemplate":"https:\/\/batieu.com\/pl\/?s={search_term_string}"},"query-input":{"@type":"PropertyValueSpecification","valueRequired":true,"valueName":"search_term_string"}}],"inLanguage":"pl-PL"}]}},"_links":{"self":[{"href":"https:\/\/batieu.com\/pl\/wp-json\/wp\/v2\/pages\/555","targetHints":{"allow":["GET"]}}],"collection":[{"href":"https:\/\/batieu.com\/pl\/wp-json\/wp\/v2\/pages"}],"about":[{"href":"https:\/\/batieu.com\/pl\/wp-json\/wp\/v2\/types\/page"}],"author":[{"embeddable":true,"href":"https:\/\/batieu.com\/pl\/wp-json\/wp\/v2\/users\/1"}],"replies":[{"embeddable":true,"href":"https:\/\/batieu.com\/pl\/wp-json\/wp\/v2\/comments?post=555"}],"version-history":[{"count":29,"href":"https:\/\/batieu.com\/pl\/wp-json\/wp\/v2\/pages\/555\/revisions"}],"predecessor-version":[{"id":1755,"href":"https:\/\/batieu.com\/pl\/wp-json\/wp\/v2\/pages\/555\/revisions\/1755"}],"wp:featuredmedia":[{"embeddable":true,"href":"https:\/\/batieu.com\/pl\/wp-json\/wp\/v2\/media\/1417"}],"wp:attachment":[{"href":"https:\/\/batieu.com\/pl\/wp-json\/wp\/v2\/media?parent=555"}],"curies":[{"name":"wp","href":"https:\/\/api.w.org\/{rel}","templated":true}]}}