{"id":567,"date":"2023-08-10T09:58:54","date_gmt":"2023-08-10T07:58:54","guid":{"rendered":"http:\/\/batieu.com\/pl\/?page_id=567"},"modified":"2024-02-07T10:50:42","modified_gmt":"2024-02-07T09:50:42","slug":"plany-i-cennik","status":"publish","type":"page","link":"https:\/\/batieu.com\/pl\/plany-i-cennik\/","title":{"rendered":"Plany i cennik"},"content":{"rendered":"\n<section class=\"features-section features-section--secondary\" >\n    \n\t<div class=\"container container--mod\">\n\t\t<div class=\"row\">\n\t\t\t<div class=\"col-xs-12 col-md-12 col-lg-12\">\n\t\t\t\t<div class=\"features-section__content\">\n\n                    \n\t\t\t\t\t<div class=\"features-section__wrapper\">\n\n\t\t\t\t\t\t<div class=\"features-section__img\">\n                                                            <img width=\"600\" height=\"493\" src=\"https:\/\/batieu.com\/pl\/wp-content\/uploads\/sites\/2\/2023\/08\/features-batieu-2x.webp\" class=\"features-img\" alt=\"Funkcjonalno\u015bci programu dla firm budowlanych Batieu\" loading=\"lazy\" decoding=\"async\" srcset=\"https:\/\/batieu.com\/pl\/wp-content\/uploads\/sites\/2\/2023\/08\/features-batieu-2x.webp 1168w, https:\/\/batieu.com\/pl\/wp-content\/uploads\/sites\/2\/2023\/08\/features-batieu-2x-300x247.webp 300w, https:\/\/batieu.com\/pl\/wp-content\/uploads\/sites\/2\/2023\/08\/features-batieu-2x-1024x842.webp 1024w, https:\/\/batieu.com\/pl\/wp-content\/uploads\/sites\/2\/2023\/08\/features-batieu-2x-768x631.webp 768w\" sizes=\"auto, (max-width: 600px) 100vw, 600px\" \/>                            \t\t\t\t\t\t<\/div>\n\n\t\t\t\t\t\t<div class=\"features-section__description\">\n                            \t\t\t\t\t\t\t<h3>Stw\u00f3rz swoj\u0105 przestrze\u0144 do pracy<\/h3>\n                            <p class=\"p1\">Rozwijaj sw\u00f3j biznes z oprogramowaniem dla firm budowlanych i upewnij si\u0119, \u017ce masz kontrol\u0119 nad ka\u017cdym etapem Twojego projektu. Wsp\u00f3\u0142pracuj z innymi i korzystaj z wielu funkcji w jednym miejscu.<\/p>\n\n\t\t\t\t\t\t\t<!--Start of Bullet list-->\n                            \t\t\t\t\t\t\t<!--End of Bullet list-->\n\n\t\t\t\t\t\t\t<!--Start of Buttons-->\n\t\t\t\t\t\t\t<div class=\"features-section__actions\">\n                                                                    \t\t\t\t\t\t\t\t\t\t<a href=\"https:\/\/batieu.com\/app\/signup\"\n\t\t\t\t\t\t\t\t\t\t   class=\"btn \">\n\t\t\t\t\t\t\t\t\t\t\t<div class=\"btn__content\">\n                                                Zarejestruj si\u0119                                                \t\t\t\t\t\t\t\t\t\t\t<\/div>\n\t\t\t\t\t\t\t\t\t\t<\/a>\n                                                                    \t\t\t\t\t\t\t<\/div>\n\t\t\t\t\t\t\t<!--End of Buttons-->\n\t\t\t\t\t\t<\/div>\n\t\t\t\t\t<\/div>\n\n\t\t\t\t\t<!--Start of Footer-->\n                    \t\t\t\t\t<!--End of Footer-->\n\n\t\t\t\t<\/div>\n\t\t\t<\/div>\n\t\t<\/div>\n\t<\/div>\n<\/section>\n","protected":false},"excerpt":{"rendered":"","protected":false},"author":1,"featured_media":1417,"parent":0,"menu_order":0,"comment_status":"closed","ping_status":"closed","template":"page-plan.php","meta":{"_acf_changed":false,"footnotes":""},"class_list":["post-567","page","type-page","status-publish","has-post-thumbnail","hentry"],"acf":[],"yoast_head":"<!-- This site is optimized with the Yoast SEO plugin v27.1 - https:\/\/yoast.com\/product\/yoast-seo-wordpress\/ -->\n<title>Plany i cennik \u2013 Batieu<\/title>\n<meta name=\"description\" content=\"Zobacz dost\u0119pne plany i cennik. Wybierz pakiet, kt\u00f3ry najbardziej odpowiada wymaganiom Twojego biznesu. Sprawd\u017a teraz!\" \/>\n<meta name=\"robots\" content=\"index, follow, max-snippet:-1, max-image-preview:large, max-video-preview:-1\" \/>\n<link rel=\"canonical\" href=\"https:\/\/batieu.com\/pl\/plany-i-cennik\/\" \/>\n<meta property=\"og:locale\" content=\"pl_PL\" \/>\n<meta property=\"og:type\" content=\"article\" \/>\n<meta property=\"og:title\" content=\"Plany i cennik \u2013 Batieu\" \/>\n<meta property=\"og:description\" content=\"Zobacz dost\u0119pne plany i cennik. Wybierz pakiet, kt\u00f3ry najbardziej odpowiada wymaganiom Twojego biznesu. Sprawd\u017a teraz!\" \/>\n<meta property=\"og:url\" content=\"https:\/\/batieu.com\/pl\/plany-i-cennik\/\" \/>\n<meta property=\"og:site_name\" content=\"Oprogramowanie dla firm budowlanych - Batieu\" \/>\n<meta property=\"article:modified_time\" content=\"2024-02-07T09:50:42+00:00\" \/>\n<meta property=\"og:image\" content=\"https:\/\/batieu.com\/pl\/wp-content\/uploads\/sites\/2\/2025\/10\/Batieu.webp\" \/>\n\t<meta property=\"og:image:width\" content=\"1200\" \/>\n\t<meta property=\"og:image:height\" content=\"800\" \/>\n\t<meta property=\"og:image:type\" content=\"image\/jpeg\" \/>\n<meta name=\"twitter:card\" content=\"summary_large_image\" \/>\n<meta name=\"twitter:label1\" content=\"Szacowany czas czytania\" \/>\n\t<meta name=\"twitter:data1\" content=\"1 minuta\" \/>\n<script type=\"application\/ld+json\" class=\"yoast-schema-graph\">{\"@context\":\"https:\/\/schema.org\",\"@graph\":[{\"@type\":\"WebPage\",\"@id\":\"https:\/\/batieu.com\/pl\/plany-i-cennik\/\",\"url\":\"https:\/\/batieu.com\/pl\/plany-i-cennik\/\",\"name\":\"Plany i cennik \u2013 Batieu\",\"isPartOf\":{\"@id\":\"https:\/\/batieu.com\/pl\/#website\"},\"primaryImageOfPage\":{\"@id\":\"https:\/\/batieu.com\/pl\/plany-i-cennik\/#primaryimage\"},\"image\":{\"@id\":\"https:\/\/batieu.com\/pl\/plany-i-cennik\/#primaryimage\"},\"thumbnailUrl\":\"https:\/\/batieu.com\/pl\/wp-content\/uploads\/sites\/2\/2023\/10\/batieu-og-default.jpg\",\"datePublished\":\"2023-08-10T07:58:54+00:00\",\"dateModified\":\"2024-02-07T09:50:42+00:00\",\"description\":\"Zobacz dost\u0119pne plany i cennik. Wybierz pakiet, kt\u00f3ry najbardziej odpowiada wymaganiom Twojego biznesu. Sprawd\u017a teraz!\",\"breadcrumb\":{\"@id\":\"https:\/\/batieu.com\/pl\/plany-i-cennik\/#breadcrumb\"},\"inLanguage\":\"pl-PL\",\"potentialAction\":[{\"@type\":\"ReadAction\",\"target\":[\"https:\/\/batieu.com\/pl\/plany-i-cennik\/\"]}]},{\"@type\":\"ImageObject\",\"inLanguage\":\"pl-PL\",\"@id\":\"https:\/\/batieu.com\/pl\/plany-i-cennik\/#primaryimage\",\"url\":\"https:\/\/batieu.com\/pl\/wp-content\/uploads\/sites\/2\/2023\/10\/batieu-og-default.jpg\",\"contentUrl\":\"https:\/\/batieu.com\/pl\/wp-content\/uploads\/sites\/2\/2023\/10\/batieu-og-default.jpg\",\"width\":1200,\"height\":800},{\"@type\":\"BreadcrumbList\",\"@id\":\"https:\/\/batieu.com\/pl\/plany-i-cennik\/#breadcrumb\",\"itemListElement\":[{\"@type\":\"ListItem\",\"position\":1,\"name\":\"Strona g\u0142\u00f3wna\",\"item\":\"https:\/\/batieu.com\/pl\/\"},{\"@type\":\"ListItem\",\"position\":2,\"name\":\"Plany i cennik\"}]},{\"@type\":\"WebSite\",\"@id\":\"https:\/\/batieu.com\/pl\/#website\",\"url\":\"https:\/\/batieu.com\/pl\/\",\"name\":\"Oprogramowanie dla firm budowlanych - Batieu\",\"description\":\"\",\"potentialAction\":[{\"@type\":\"SearchAction\",\"target\":{\"@type\":\"EntryPoint\",\"urlTemplate\":\"https:\/\/batieu.com\/pl\/?s={search_term_string}\"},\"query-input\":{\"@type\":\"PropertyValueSpecification\",\"valueRequired\":true,\"valueName\":\"search_term_string\"}}],\"inLanguage\":\"pl-PL\"}]}<\/script>\n<!-- \/ Yoast SEO plugin. -->","yoast_head_json":{"title":"Plany i cennik \u2013 Batieu","description":"Zobacz dost\u0119pne plany i cennik. Wybierz pakiet, kt\u00f3ry najbardziej odpowiada wymaganiom Twojego biznesu. Sprawd\u017a teraz!","robots":{"index":"index","follow":"follow","max-snippet":"max-snippet:-1","max-image-preview":"max-image-preview:large","max-video-preview":"max-video-preview:-1"},"canonical":"https:\/\/batieu.com\/pl\/plany-i-cennik\/","og_locale":"pl_PL","og_type":"article","og_title":"Plany i cennik \u2013 Batieu","og_description":"Zobacz dost\u0119pne plany i cennik. Wybierz pakiet, kt\u00f3ry najbardziej odpowiada wymaganiom Twojego biznesu. Sprawd\u017a teraz!","og_url":"https:\/\/batieu.com\/pl\/plany-i-cennik\/","og_site_name":"Oprogramowanie dla firm budowlanych - Batieu","article_modified_time":"2024-02-07T09:50:42+00:00","og_image":[{"width":1200,"height":800,"url":"https:\/\/batieu.com\/pl\/wp-content\/uploads\/sites\/2\/2025\/10\/Batieu.webp","type":"image\/jpeg"}],"twitter_card":"summary_large_image","twitter_misc":{"Szacowany czas czytania":"1 minuta"},"schema":{"@context":"https:\/\/schema.org","@graph":[{"@type":"WebPage","@id":"https:\/\/batieu.com\/pl\/plany-i-cennik\/","url":"https:\/\/batieu.com\/pl\/plany-i-cennik\/","name":"Plany i cennik \u2013 Batieu","isPartOf":{"@id":"https:\/\/batieu.com\/pl\/#website"},"primaryImageOfPage":{"@id":"https:\/\/batieu.com\/pl\/plany-i-cennik\/#primaryimage"},"image":{"@id":"https:\/\/batieu.com\/pl\/plany-i-cennik\/#primaryimage"},"thumbnailUrl":"https:\/\/batieu.com\/pl\/wp-content\/uploads\/sites\/2\/2023\/10\/batieu-og-default.jpg","datePublished":"2023-08-10T07:58:54+00:00","dateModified":"2024-02-07T09:50:42+00:00","description":"Zobacz dost\u0119pne plany i cennik. Wybierz pakiet, kt\u00f3ry najbardziej odpowiada wymaganiom Twojego biznesu. Sprawd\u017a teraz!","breadcrumb":{"@id":"https:\/\/batieu.com\/pl\/plany-i-cennik\/#breadcrumb"},"inLanguage":"pl-PL","potentialAction":[{"@type":"ReadAction","target":["https:\/\/batieu.com\/pl\/plany-i-cennik\/"]}]},{"@type":"ImageObject","inLanguage":"pl-PL","@id":"https:\/\/batieu.com\/pl\/plany-i-cennik\/#primaryimage","url":"https:\/\/batieu.com\/pl\/wp-content\/uploads\/sites\/2\/2023\/10\/batieu-og-default.jpg","contentUrl":"https:\/\/batieu.com\/pl\/wp-content\/uploads\/sites\/2\/2023\/10\/batieu-og-default.jpg","width":1200,"height":800},{"@type":"BreadcrumbList","@id":"https:\/\/batieu.com\/pl\/plany-i-cennik\/#breadcrumb","itemListElement":[{"@type":"ListItem","position":1,"name":"Strona g\u0142\u00f3wna","item":"https:\/\/batieu.com\/pl\/"},{"@type":"ListItem","position":2,"name":"Plany i cennik"}]},{"@type":"WebSite","@id":"https:\/\/batieu.com\/pl\/#website","url":"https:\/\/batieu.com\/pl\/","name":"Oprogramowanie dla firm budowlanych - Batieu","description":"","potentialAction":[{"@type":"SearchAction","target":{"@type":"EntryPoint","urlTemplate":"https:\/\/batieu.com\/pl\/?s={search_term_string}"},"query-input":{"@type":"PropertyValueSpecification","valueRequired":true,"valueName":"search_term_string"}}],"inLanguage":"pl-PL"}]}},"_links":{"self":[{"href":"https:\/\/batieu.com\/pl\/wp-json\/wp\/v2\/pages\/567","targetHints":{"allow":["GET"]}}],"collection":[{"href":"https:\/\/batieu.com\/pl\/wp-json\/wp\/v2\/pages"}],"about":[{"href":"https:\/\/batieu.com\/pl\/wp-json\/wp\/v2\/types\/page"}],"author":[{"embeddable":true,"href":"https:\/\/batieu.com\/pl\/wp-json\/wp\/v2\/users\/1"}],"replies":[{"embeddable":true,"href":"https:\/\/batieu.com\/pl\/wp-json\/wp\/v2\/comments?post=567"}],"version-history":[{"count":23,"href":"https:\/\/batieu.com\/pl\/wp-json\/wp\/v2\/pages\/567\/revisions"}],"predecessor-version":[{"id":1668,"href":"https:\/\/batieu.com\/pl\/wp-json\/wp\/v2\/pages\/567\/revisions\/1668"}],"wp:featuredmedia":[{"embeddable":true,"href":"https:\/\/batieu.com\/pl\/wp-json\/wp\/v2\/media\/1417"}],"wp:attachment":[{"href":"https:\/\/batieu.com\/pl\/wp-json\/wp\/v2\/media?parent=567"}],"curies":[{"name":"wp","href":"https:\/\/api.w.org\/{rel}","templated":true}]}}